{"id":110,"date":"2018-01-03T20:26:41","date_gmt":"2018-01-03T20:26:41","guid":{"rendered":"http:\/\/buchner-blog.de\/?page_id=110"},"modified":"2018-01-04T21:08:47","modified_gmt":"2018-01-04T21:08:47","slug":"quellen","status":"publish","type":"page","link":"https:\/\/buchner-blog.de\/?page_id=110","title":{"rendered":"Quellen"},"content":{"rendered":"<h2>Literatur<\/h2>\n<p>Karl Buchner 1844:<br \/>\nBuchner, Karl: Ein deutscher Advokat. Schilderungen aus der Zeit und aus dem Leben. Darmstadt (Leske) 1844.<br \/>\nURL: &lt;http:\/\/reader.digitale-sammlungen.de\/de\/fs1\/object\/display\/bsb10106481_00005.html&gt; [04.01.2018].<\/p>\n<p>Marie Buchner 1928:<br \/>\nBuchner, Marie: Aus Urgro\u00dfeltern Zeit. Eine Familienchronik in Briefen. Mit f\u00fcnf Bildnissen. Heilbronn (Salzer), 1928.<\/p>\n<p>Marie Buchner 1929:<br \/>\nBuchner, Marie: Es rollt die Zeit. Eine Familienchronik in Briefen. Mit drei Bildnissen. Zweiter Band.\u00a0Heilbronn (Salzer), 1929.<\/p>\n<p>DGB 69, 1930:<br \/>\nDarmst\u00e4dter Geschlechterbuch (Hessisches Geschlechterbuch Band 7). Hrsg v. Bernhard Koerner, bearb. mit Otfried Praetorius. Erster Band.<br \/>\nGleichzeitig: Deutsches Geschlechterbuch (Genealogisches Handbuch B\u00fcrgerlicher Familien). Hrsg. v. Bernhard Koerner. Mit Zeichnungen v. Gustav Adolf Glo\u00df. Neunundsechzigster Band. G\u00f6rlitz (Starke) 1930, S. 1-19.<\/p>\n<p>R\u00f6mhildisches G\u00fcldenes Kleinod 1760:<br \/>\nR\u00f6mhildisches G\u00fcldenes Kleinod, das ist, auserlesene sch\u00f6ne Ges\u00e4nge, welche zum Gebrauch der christlichen Gemeinde zu R\u00f6mhild und anderer zusammen getragen, [\u2026] nebst einem erbaulichen Gebet-B\u00fcchlein, [\u2026] herausgegeben worden. R\u00f6mhild (Br\u00fcckner) 1760.<br \/>\nURL: &lt;http:\/\/reader.digitale-sammlungen.de\/de\/fs1\/object\/display\/bsb10592268_00019.html&gt; [03.01.2018].<\/p>\n<p>Siebmacher 1657:<br \/>\nDas Erneuerte und vermehrte Teutsche Wappenbuch: In welchem De\u00df H. R\u00f6mischen Reiches Hohe Potentaten, F\u00fcrsten, Grafen, Herren, Freyherren, Edle, St\u00e4nde und St\u00e4dte, [et]c. Wappen, Schilde, Helm, Kleinodien, Wie auch Deroselben Namen, Herrschafften, und HeroldsFarben, [et]c. au\u00dfgebildet zuersehen \/ 4: Vorstellend Der Reichsgrafen, Grafen, Herren, Freyherren, Ritter und Edlen Namen, Welche von R\u00f6mischer K\u00e4iserl. Majest. zu dem Herren- Ritter- und Adelstand erhaben, und mit Wappen, Schild, Helm und Kleinodien allergn\u00e4digst begabet worden. Mit einer Vorrede Von vielfaltigem Gebrauch der Wappen. N\u00fcrnberg, 1657<\/p>\n<p>&nbsp;<\/p>\n<h2>Abbildungen<\/h2>\n<p>Archivschrank<\/p>\n<p>Buchner, August<\/p>\n<p>Darmst\u00e4dter Gesellschaft um 1750<\/p>\n<p>Dresden<\/p>\n<p>N\u00fcrnberg<\/p>\n<p>Wittenberg<\/p>\n","protected":false},"excerpt":{"rendered":"<p>Literatur Karl Buchner 1844: Buchner, Karl: Ein deutscher Advokat. Schilderungen aus der Zeit und aus dem Leben. Darmstadt (Leske) 1844. URL: &lt;http:\/\/reader.digitale-sammlungen.de\/de\/fs1\/object\/display\/bsb10106481_00005.html&gt; [04.01.2018]. Marie Buchner 1928: Buchner, Marie: Aus Urgro\u00dfeltern Zeit. Eine Familienchronik in Briefen. Mit f\u00fcnf Bildnissen. Heilbronn (Salzer), 1928. Marie Buchner 1929: Buchner, Marie: Es rollt die Zeit. Eine Familienchronik in Briefen. Mit&#8230;<\/p>\n","protected":false},"author":1,"featured_media":0,"parent":0,"menu_order":0,"comment_status":"closed","ping_status":"closed","template":"","meta":{"_themeisle_gutenberg_block_has_review":false,"footnotes":""},"class_list":["post-110","page","type-page","status-publish","hentry"],"_links":{"self":[{"href":"https:\/\/buchner-blog.de\/index.php?rest_route=\/wp\/v2\/pages\/110","targetHints":{"allow":["GET"]}}],"collection":[{"href":"https:\/\/buchner-blog.de\/index.php?rest_route=\/wp\/v2\/pages"}],"about":[{"href":"https:\/\/buchner-blog.de\/index.php?rest_route=\/wp\/v2\/types\/page"}],"author":[{"embeddable":true,"href":"https:\/\/buchner-blog.de\/index.php?rest_route=\/wp\/v2\/users\/1"}],"replies":[{"embeddable":true,"href":"https:\/\/buchner-blog.de\/index.php?rest_route=%2Fwp%2Fv2%2Fcomments&post=110"}],"version-history":[{"count":12,"href":"https:\/\/buchner-blog.de\/index.php?rest_route=\/wp\/v2\/pages\/110\/revisions"}],"predecessor-version":[{"id":193,"href":"https:\/\/buchner-blog.de\/index.php?rest_route=\/wp\/v2\/pages\/110\/revisions\/193"}],"wp:attachment":[{"href":"https:\/\/buchner-blog.de\/index.php?rest_route=%2Fwp%2Fv2%2Fmedia&parent=110"}],"curies":[{"name":"wp","href":"https:\/\/api.w.org\/{rel}","templated":true}]}}