{"id":87,"date":"2018-01-03T17:11:04","date_gmt":"2018-01-03T17:11:04","guid":{"rendered":"http:\/\/buchner-blog.de\/?page_id=87"},"modified":"2018-01-19T22:34:17","modified_gmt":"2018-01-19T22:34:17","slug":"nuernberg-2","status":"publish","type":"page","link":"https:\/\/buchner-blog.de\/?page_id=87","title":{"rendered":"N\u00fcrnberg"},"content":{"rendered":"<figure id=\"attachment_144\" aria-describedby=\"caption-attachment-144\" style=\"width: 750px\" class=\"wp-caption alignnone\"><img loading=\"lazy\" decoding=\"async\" class=\"size-full wp-image-144\" src=\"http:\/\/buchner-blog.de\/wp-content\/uploads\/2018\/01\/Nuremberg_chronicles_-_Nuremberga.jpg\" alt=\"\" width=\"750\" height=\"499\" srcset=\"https:\/\/buchner-blog.de\/wp-content\/uploads\/2018\/01\/Nuremberg_chronicles_-_Nuremberga.jpg 750w, https:\/\/buchner-blog.de\/wp-content\/uploads\/2018\/01\/Nuremberg_chronicles_-_Nuremberga-300x200.jpg 300w, https:\/\/buchner-blog.de\/wp-content\/uploads\/2018\/01\/Nuremberg_chronicles_-_Nuremberga-700x466.jpg 700w\" sizes=\"auto, (max-width: 750px) 100vw, 750px\" \/><figcaption id=\"caption-attachment-144\" class=\"wp-caption-text\">N\u00fcrnberg 1493<\/figcaption><\/figure>\n<h2>\u00b6\u00a0\u00a0 Die erste Generation der <a href=\"http:\/\/buchner-blog.de\/?p=209\">Buchner, Puchner, P\u00fcchner<\/a><\/h2>\n<p><strong>Georg Buchner <\/strong>oder <strong>Puchner,<\/strong> * 1508, ist der erste, den das Deutsche Geschlechterbuch anf\u00fchrt. Seine genaue Herkunft ist unklar, er soll aus Franken stammen und unter den fr\u00e4nkischen Truppen gedient haben. Sp\u00e4ter lie\u00df er sich in <a href=\"http:\/\/buchner-blog.de\/?p=199\">N\u00fcrnberg<\/a> nieder und heiratete eine Patriziertochter mit Namen <strong>Walpurgis<\/strong>, die drei (\u00fcberlebenden) S\u00f6hne gebar: Paul, <strong>Johannes<\/strong> und Bernhard. \u00dcber T\u00f6chter und Kinder, die das Erwachsenenalter nicht erreichten, finden wir im Geschlechterbuch nichts.<br \/>\nGeorg Buchner wird kein gew\u00f6hnlicher Soldat gewesen sein; die Heirat mit einer N\u00fcrnberger Patriziertochter w\u00e4re ansonsten nicht denkbar gewesen. Zudem erhielt er 1556 von Kaiser Karl V. einen b\u00fcrgerlichen Wappenbrief\u00a0 mit diesem Wappen, das im Alten Siebmacher 1657 abgebildet ist:<\/p>\n<p><img loading=\"lazy\" decoding=\"async\" class=\"size-full wp-image-191 aligncenter\" src=\"http:\/\/buchner-blog.de\/wp-content\/uploads\/2018\/01\/Wappen-1556.jpg\" alt=\"\" width=\"308\" height=\"344\" srcset=\"https:\/\/buchner-blog.de\/wp-content\/uploads\/2018\/01\/Wappen-1556.jpg 308w, https:\/\/buchner-blog.de\/wp-content\/uploads\/2018\/01\/Wappen-1556-269x300.jpg 269w\" sizes=\"auto, (max-width: 308px) 100vw, 308px\" \/><\/p>\n<p>Georg Buchner\u00a0 starb in Dresden, sein Sterbejahr ist nicht bekannt.<\/p>\n<h2>\u00b6\u00a0\u00a0 Die zweite Generation der Buchner<\/h2>\n<p>Paul Buchner wurde am 26.02.1531 in N\u00fcrnberg geboren. Er lernte dort das Tischlerhandwerk und wurde Schraubenmacher. Um 1568 ging er als Ober-Zeug- und Baumeister nach Dresden. Er war dreimal verheiratet und starb am 27.03.1607 in Dresden.<\/p>\n<p>&nbsp;<\/p>\n<p>&nbsp;<\/p>\n<p>&nbsp;<\/p>\n","protected":false},"excerpt":{"rendered":"<p>\u00b6\u00a0\u00a0 Die erste Generation der Buchner, Puchner, P\u00fcchner Georg Buchner oder Puchner, * 1508, ist der erste, den das Deutsche Geschlechterbuch anf\u00fchrt. Seine genaue Herkunft ist unklar, er soll aus Franken stammen und unter den fr\u00e4nkischen Truppen gedient haben. Sp\u00e4ter lie\u00df er sich in N\u00fcrnberg nieder und heiratete eine Patriziertochter mit Namen Walpurgis, die drei&#8230;<\/p>\n","protected":false},"author":1,"featured_media":0,"parent":0,"menu_order":0,"comment_status":"closed","ping_status":"closed","template":"","meta":{"_themeisle_gutenberg_block_has_review":false,"footnotes":""},"class_list":["post-87","page","type-page","status-publish","hentry"],"_links":{"self":[{"href":"https:\/\/buchner-blog.de\/index.php?rest_route=\/wp\/v2\/pages\/87","targetHints":{"allow":["GET"]}}],"collection":[{"href":"https:\/\/buchner-blog.de\/index.php?rest_route=\/wp\/v2\/pages"}],"about":[{"href":"https:\/\/buchner-blog.de\/index.php?rest_route=\/wp\/v2\/types\/page"}],"author":[{"embeddable":true,"href":"https:\/\/buchner-blog.de\/index.php?rest_route=\/wp\/v2\/users\/1"}],"replies":[{"embeddable":true,"href":"https:\/\/buchner-blog.de\/index.php?rest_route=%2Fwp%2Fv2%2Fcomments&post=87"}],"version-history":[{"count":18,"href":"https:\/\/buchner-blog.de\/index.php?rest_route=\/wp\/v2\/pages\/87\/revisions"}],"predecessor-version":[{"id":231,"href":"https:\/\/buchner-blog.de\/index.php?rest_route=\/wp\/v2\/pages\/87\/revisions\/231"}],"wp:attachment":[{"href":"https:\/\/buchner-blog.de\/index.php?rest_route=%2Fwp%2Fv2%2Fmedia&parent=87"}],"curies":[{"name":"wp","href":"https:\/\/api.w.org\/{rel}","templated":true}]}}